{"id":1156,"date":"2026-03-02T21:04:58","date_gmt":"2026-03-02T21:04:58","guid":{"rendered":"https:\/\/ope.gosoftt.online\/?page_id=1156"},"modified":"2026-03-02T23:12:15","modified_gmt":"2026-03-02T23:12:15","slug":"paquetes","status":"publish","type":"page","link":"https:\/\/ope.gosoftt.online\/?page_id=1156","title":{"rendered":"PAQUETES"},"content":{"rendered":"\t\t<div data-elementor-type=\"wp-page\" data-elementor-id=\"1156\" class=\"elementor elementor-1156\" data-elementor-settings=\"{&quot;element_pack_global_tooltip_width&quot;:{&quot;unit&quot;:&quot;px&quot;,&quot;size&quot;:&quot;&quot;,&quot;sizes&quot;:[]},&quot;element_pack_global_tooltip_width_tablet&quot;:{&quot;unit&quot;:&quot;px&quot;,&quot;size&quot;:&quot;&quot;,&quot;sizes&quot;:[]},&quot;element_pack_global_tooltip_width_mobile&quot;:{&quot;unit&quot;:&quot;px&quot;,&quot;size&quot;:&quot;&quot;,&quot;sizes&quot;:[]},&quot;element_pack_global_tooltip_padding&quot;:{&quot;unit&quot;:&quot;px&quot;,&quot;top&quot;:&quot;&quot;,&quot;right&quot;:&quot;&quot;,&quot;bottom&quot;:&quot;&quot;,&quot;left&quot;:&quot;&quot;,&quot;isLinked&quot;:true},&quot;element_pack_global_tooltip_padding_tablet&quot;:{&quot;unit&quot;:&quot;px&quot;,&quot;top&quot;:&quot;&quot;,&quot;right&quot;:&quot;&quot;,&quot;bottom&quot;:&quot;&quot;,&quot;left&quot;:&quot;&quot;,&quot;isLinked&quot;:true},&quot;element_pack_global_tooltip_padding_mobile&quot;:{&quot;unit&quot;:&quot;px&quot;,&quot;top&quot;:&quot;&quot;,&quot;right&quot;:&quot;&quot;,&quot;bottom&quot;:&quot;&quot;,&quot;left&quot;:&quot;&quot;,&quot;isLinked&quot;:true},&quot;element_pack_global_tooltip_border_radius&quot;:{&quot;unit&quot;:&quot;px&quot;,&quot;top&quot;:&quot;&quot;,&quot;right&quot;:&quot;&quot;,&quot;bottom&quot;:&quot;&quot;,&quot;left&quot;:&quot;&quot;,&quot;isLinked&quot;:true},&quot;element_pack_global_tooltip_border_radius_tablet&quot;:{&quot;unit&quot;:&quot;px&quot;,&quot;top&quot;:&quot;&quot;,&quot;right&quot;:&quot;&quot;,&quot;bottom&quot;:&quot;&quot;,&quot;left&quot;:&quot;&quot;,&quot;isLinked&quot;:true},&quot;element_pack_global_tooltip_border_radius_mobile&quot;:{&quot;unit&quot;:&quot;px&quot;,&quot;top&quot;:&quot;&quot;,&quot;right&quot;:&quot;&quot;,&quot;bottom&quot;:&quot;&quot;,&quot;left&quot;:&quot;&quot;,&quot;isLinked&quot;:true}}\" data-elementor-post-type=\"page\">\n\t\t\t\t<div class=\"elementor-element elementor-element-8a6f2a0 e-flex e-con-boxed e-con e-parent\" data-id=\"8a6f2a0\" data-element_type=\"container\" data-e-type=\"container\">\n\t\t\t\t\t<div class=\"e-con-inner\">\n\t\t<div class=\"elementor-element elementor-element-128b184 e-con-full e-flex e-con e-child\" data-id=\"128b184\" data-element_type=\"container\" data-e-type=\"container\">\n\t\t\t\t<div class=\"elementor-element elementor-element-44b4db1 elementor-widget__width-initial elementor-widget-mobile__width-inherit bdt-icon-type-image elementor-position-top bdt-icon-effect-none elementor-widget elementor-widget-bdt-advanced-icon-box\" data-id=\"44b4db1\" data-element_type=\"widget\" data-e-type=\"widget\" data-widget_type=\"bdt-advanced-icon-box.default\">\n\t\t\t\t\t\t\t<div class=\"bdt-ep-advanced-icon-box\">\n\n\t\t\t\t\t\t\t\n\t\t\t\t\t<div class=\"bdt-ep-advanced-icon-box-icon\">\n\t\t\t\t<span class=\"bdt-ep-advanced-icon-box-icon-wrap\">\n\n\n\t\t\t\t\t<img decoding=\"async\" width=\"64\" height=\"64\" src=\"https:\/\/ope.gosoftt.online\/wp-content\/uploads\/2026\/03\/pant.png\" class=\"attachment-full size-full\" alt=\"Pantalla Led y sonido\" \/>\t\t\t\t<\/span>\n\t\t\t<\/div>\n\t\t\n\t\t\t\t\n\t\t\t<div class=\"bdt-ep-advanced-icon-box-content\">\n\n\t\t\t\t\t\t\t\t\t\n\t\t\t\t\t<h4 class=\"bdt-ep-advanced-icon-box-title ep-title-\">\n\t\t\t\t<span >\n\t\t\t\t\tPantalla Led y sonido\t\t\t\t<\/span>\n\t\t\t<\/h4>\n\t\t\n\n\t\t\n\t\t\t\t\t\n\t\t\t\t\n\t\t\t\t\t\t\t\t\t<div class=\"bdt-ep-advanced-icon-box-description\">\n\t\t\t\t\t\t<h3><strong><br \/><span style=\"color: #2a9eef;\">Opci\u00f3n 1 $4.200.000 Aplica T&amp;C<\/span><\/strong><\/h3><ul><li>1 Pantalla de LED 3.0 x 2.0 mts P3 con estructura de colgado<\/li><li>1 Sistema de sonido para 100 personas<\/li><li>1 Transporte de entrega y recogida de equipos Bogot\u00e1<\/li><\/ul>\t\t\t\t\t<\/div>\n\t\t\t\t\n\t\t\t\t\t\t\t<\/div>\n\t\t<\/div>\n\n\t\t\n\t\t\n\t\t\t\t<\/div>\n\t\t\t\t<div class=\"elementor-element elementor-element-033346d elementor-widget__width-initial elementor-widget-mobile__width-inherit bdt-icon-type-image elementor-position-top bdt-icon-effect-none elementor-widget elementor-widget-bdt-advanced-icon-box\" data-id=\"033346d\" data-element_type=\"widget\" data-e-type=\"widget\" data-widget_type=\"bdt-advanced-icon-box.default\">\n\t\t\t\t\t\t\t<div class=\"bdt-ep-advanced-icon-box\">\n\n\t\t\t\t\t\t\t\n\t\t\t\t\t<div class=\"bdt-ep-advanced-icon-box-icon\">\n\t\t\t\t<span class=\"bdt-ep-advanced-icon-box-icon-wrap\">\n\n\n\t\t\t\t\t<img decoding=\"async\" width=\"64\" height=\"64\" src=\"https:\/\/ope.gosoftt.online\/wp-content\/uploads\/2026\/03\/ondas.png\" class=\"attachment-full size-full\" alt=\"Sistema de Sonido\" \/>\t\t\t\t<\/span>\n\t\t\t<\/div>\n\t\t\n\t\t\t\t\n\t\t\t<div class=\"bdt-ep-advanced-icon-box-content\">\n\n\t\t\t\t\t\t\t\t\t\n\t\t\t\t\t<h4 class=\"bdt-ep-advanced-icon-box-title ep-title-\">\n\t\t\t\t<span >\n\t\t\t\t\tSistema de Sonido\t\t\t\t<\/span>\n\t\t\t<\/h4>\n\t\t\n\n\t\t\n\t\t\t\t\t\n\t\t\t\t\n\t\t\t\t\t\t\t\t\t<div class=\"bdt-ep-advanced-icon-box-description\">\n\t\t\t\t\t\t<h3><strong>\n<span style=\"color: #2a9eef;\">Opci\u00f3n 1 Sistema de Sonido conferencia hasta 100 personas $ 900.000 aplican T&#038;C<\/span><\/strong><\/h3>\n<ul>\n \t<li>2 cabinas de sonido Bose o K- array \/ 1consola digital <\/li>\n \t<li>1 Micr\u00f3fono inal\u00e1mbrico, cable ade audio pc \/ 1 T\u00e9cnico de audio <\/li>\n \t<li>1 Trasnporte de entrega y recogida de equipos, montaje el mismo d\u00eda del evento<\/li>\n<\/ul>\t\t\t\t\t<\/div>\n\t\t\t\t\n\t\t\t\t\t\t\t<\/div>\n\t\t<\/div>\n\n\t\t\n\t\t\n\t\t\t\t<\/div>\n\t\t\t\t<div class=\"elementor-element elementor-element-13f48fc elementor-widget__width-initial elementor-widget-mobile__width-inherit bdt-icon-type-image elementor-position-top bdt-icon-effect-none elementor-widget elementor-widget-bdt-advanced-icon-box\" data-id=\"13f48fc\" data-element_type=\"widget\" data-e-type=\"widget\" data-widget_type=\"bdt-advanced-icon-box.default\">\n\t\t\t\t\t\t\t<div class=\"bdt-ep-advanced-icon-box\">\n\n\t\t\t\t\t\t\t\n\t\t\t\t\t<div class=\"bdt-ep-advanced-icon-box-icon\">\n\t\t\t\t<span class=\"bdt-ep-advanced-icon-box-icon-wrap\">\n\n\n\t\t\t\t\t<img decoding=\"async\" width=\"64\" height=\"64\" src=\"https:\/\/ope.gosoftt.online\/wp-content\/uploads\/2026\/03\/destacar.png\" class=\"attachment-full size-full\" alt=\"Iluminaci\u00f3n\" \/>\t\t\t\t<\/span>\n\t\t\t<\/div>\n\t\t\n\t\t\t\t\n\t\t\t<div class=\"bdt-ep-advanced-icon-box-content\">\n\n\t\t\t\t\t\t\t\t\t\n\t\t\t\t\t<h4 class=\"bdt-ep-advanced-icon-box-title ep-title-\">\n\t\t\t\t<span >\n\t\t\t\t\tIluminaci\u00f3n\t\t\t\t<\/span>\n\t\t\t<\/h4>\n\t\t\n\n\t\t\n\t\t\t\t\t\n\t\t\t\t\n\t\t\t\t\t\t\t\t\t<div class=\"bdt-ep-advanced-icon-box-description\">\n\t\t\t\t\t\t<h3><strong><br \/><span style=\"color: #2a9eef;\">Opci\u00f3n 1 $700.000 aplican T&amp;C<\/span><\/strong><\/h3><ul><li>Iluminaci\u00f3n para ambientaci\u00f3n de espacios<\/li><li>8 Pares led RGBW+ A de 18watts marca DJ Light Supply\/li&gt;<\/li><li>1 Control DMX<\/li><li>Cableado el\u00e9ctrico<\/li><li>1 Transporte de entrega y recogida de equipos<\/li><\/ul>\t\t\t\t\t<\/div>\n\t\t\t\t\n\t\t\t\t\t\t\t<\/div>\n\t\t<\/div>\n\n\t\t\n\t\t\n\t\t\t\t<\/div>\n\t\t\t\t<div class=\"elementor-element elementor-element-8172cb8 elementor-widget__width-initial elementor-widget-mobile__width-inherit bdt-icon-type-image elementor-position-top bdt-icon-effect-none elementor-widget elementor-widget-bdt-advanced-icon-box\" data-id=\"8172cb8\" data-element_type=\"widget\" data-e-type=\"widget\" data-widget_type=\"bdt-advanced-icon-box.default\">\n\t\t\t\t\t\t\t<div class=\"bdt-ep-advanced-icon-box\">\n\n\t\t\t\t\t\t\t\n\t\t\t\t\t<div class=\"bdt-ep-advanced-icon-box-icon\">\n\t\t\t\t<span class=\"bdt-ep-advanced-icon-box-icon-wrap\">\n\n\n\t\t\t\t\t<img loading=\"lazy\" decoding=\"async\" width=\"64\" height=\"64\" src=\"https:\/\/ope.gosoftt.online\/wp-content\/uploads\/2026\/03\/pantalla-grande.png\" class=\"attachment-full size-full\" alt=\"Pantalla Led\" \/>\t\t\t\t<\/span>\n\t\t\t<\/div>\n\t\t\n\t\t\t\t\n\t\t\t<div class=\"bdt-ep-advanced-icon-box-content\">\n\n\t\t\t\t\t\t\t\t\t\n\t\t\t\t\t<h4 class=\"bdt-ep-advanced-icon-box-title ep-title-\">\n\t\t\t\t<span >\n\t\t\t\t\tPantalla Led\t\t\t\t<\/span>\n\t\t\t<\/h4>\n\t\t\n\n\t\t\n\t\t\t\t\t\n\t\t\t\t\n\t\t\t\t\t\t\t\t\t<div class=\"bdt-ep-advanced-icon-box-description\">\n\t\t\t\t\t\t<h3><strong><br \/><span style=\"color: #2a9eef;\">Opci\u00f3n 1 $3.000.000 aplican T&amp;C<\/span><\/strong><\/h3><p>Pantalla led pitch 3 de 3&#215;2 en estructura de colgado o piso, procesador de v\u00eddeo 4k marca RGBLINK Computador marca Lenovo, para el env\u00edo de contenidos, t\u00e9cnico de video, cableado de se\u00f1al y corriente, transporte de equipos.<\/p>\t\t\t\t\t<\/div>\n\t\t\t\t\n\t\t\t\t\t\t\t<\/div>\n\t\t<\/div>\n\n\t\t\n\t\t\n\t\t\t\t<\/div>\n\t\t\t\t<div class=\"elementor-element elementor-element-2bfe512 elementor-widget__width-initial elementor-widget-mobile__width-inherit bdt-icon-type-image elementor-position-top bdt-icon-effect-none elementor-widget elementor-widget-bdt-advanced-icon-box\" data-id=\"2bfe512\" data-element_type=\"widget\" data-e-type=\"widget\" data-widget_type=\"bdt-advanced-icon-box.default\">\n\t\t\t\t\t\t\t<div class=\"bdt-ep-advanced-icon-box\">\n\n\t\t\t\t\t\t\t\n\t\t\t\t\t<div class=\"bdt-ep-advanced-icon-box-icon\">\n\t\t\t\t<span class=\"bdt-ep-advanced-icon-box-icon-wrap\">\n\n\n\t\t\t\t\t<img loading=\"lazy\" decoding=\"async\" width=\"64\" height=\"64\" src=\"https:\/\/ope.gosoftt.online\/wp-content\/uploads\/2026\/03\/vivo.png\" class=\"attachment-full size-full\" alt=\"Transmisi\u00f3n\" \/>\t\t\t\t<\/span>\n\t\t\t<\/div>\n\t\t\n\t\t\t\t\n\t\t\t<div class=\"bdt-ep-advanced-icon-box-content\">\n\n\t\t\t\t\t\t\t\t\t\n\t\t\t\t\t<h4 class=\"bdt-ep-advanced-icon-box-title ep-title-\">\n\t\t\t\t<span >\n\t\t\t\t\tTransmisi\u00f3n\t\t\t\t<\/span>\n\t\t\t<\/h4>\n\t\t\n\n\t\t\n\t\t\t\t\t\n\t\t\t\t\n\t\t\t\t\t\t\t\t\t<div class=\"bdt-ep-advanced-icon-box-description\">\n\t\t\t\t\t\t<h3><strong>\n<span style=\"color: #2a9eef;\">Opci\u00f3n 1- $ 1.300.000 aplican T&amp;C<\/span><\/strong><\/h3>\n1 C\u00e1mara marca Sony ref. NX5, tr\u00edpode marca Manfrotto y camar\u00f3grafo, Software, equipos\nde transmisi\u00f3n para emitir por Teams, Facebook o Youtube, personal de montaje y\ntransporte de equipos.\t\t\t\t\t<\/div>\n\t\t\t\t\n\t\t\t\t\t\t\t<\/div>\n\t\t<\/div>\n\n\t\t\n\t\t\n\t\t\t\t<\/div>\n\t\t\t\t<\/div>\n\t\t<div class=\"elementor-element elementor-element-fc9912d e-con-full e-flex e-con e-child\" data-id=\"fc9912d\" data-element_type=\"container\" data-e-type=\"container\">\n\t\t\t\t<div class=\"elementor-element elementor-element-bdc29e6 elementor-widget__width-initial elementor-widget-mobile__width-inherit bdt-icon-type-image elementor-position-top bdt-icon-effect-none elementor-widget elementor-widget-bdt-advanced-icon-box\" data-id=\"bdc29e6\" data-element_type=\"widget\" data-e-type=\"widget\" data-widget_type=\"bdt-advanced-icon-box.default\">\n\t\t\t\t\t\t\t<div class=\"bdt-ep-advanced-icon-box\">\n\n\t\t\t\t\t\t\t\n\t\t\t\t\t<div class=\"bdt-ep-advanced-icon-box-icon\">\n\t\t\t\t<span class=\"bdt-ep-advanced-icon-box-icon-wrap\">\n\n\n\t\t\t\t\t<img decoding=\"async\" width=\"64\" height=\"64\" src=\"https:\/\/ope.gosoftt.online\/wp-content\/uploads\/2026\/03\/pant.png\" class=\"attachment-full size-full\" alt=\"Pantalla Led y sonido\" \/>\t\t\t\t<\/span>\n\t\t\t<\/div>\n\t\t\n\t\t\t\t\n\t\t\t<div class=\"bdt-ep-advanced-icon-box-content\">\n\n\t\t\t\t\t\t\t\t\t\n\t\t\t\t\t<h4 class=\"bdt-ep-advanced-icon-box-title ep-title-\">\n\t\t\t\t<span >\n\t\t\t\t\tPantalla Led y sonido\t\t\t\t<\/span>\n\t\t\t<\/h4>\n\t\t\n\n\t\t\n\t\t\t\t\t\n\t\t\t\t\n\t\t\t\t\t\t\t\t\t<div class=\"bdt-ep-advanced-icon-box-description\">\n\t\t\t\t\t\t<h3><strong><br \/><span style=\"color: #2a9eef;\">Opci\u00f3n 2 $5.800.000 Aplica T&amp;C<\/span><\/strong><\/h3><ul><li>1 Pantalla de LED 4.0 x 3.0 mts P3 con estructura de colgado<\/li><li>1 Sistema de sonido interior para 100 personas d\u00eda completo<\/li><li>1 Transporte de entrega y recogida de equipos<\/li><\/ul>\t\t\t\t\t<\/div>\n\t\t\t\t\n\t\t\t\t\t\t\t<\/div>\n\t\t<\/div>\n\n\t\t\n\t\t\n\t\t\t\t<\/div>\n\t\t\t\t<div class=\"elementor-element elementor-element-26ff094 elementor-widget__width-initial elementor-widget-mobile__width-inherit bdt-icon-type-image elementor-position-top bdt-icon-effect-none elementor-widget elementor-widget-bdt-advanced-icon-box\" data-id=\"26ff094\" data-element_type=\"widget\" data-e-type=\"widget\" data-widget_type=\"bdt-advanced-icon-box.default\">\n\t\t\t\t\t\t\t<div class=\"bdt-ep-advanced-icon-box\">\n\n\t\t\t\t\t\t\t\n\t\t\t\t\t<div class=\"bdt-ep-advanced-icon-box-icon\">\n\t\t\t\t<span class=\"bdt-ep-advanced-icon-box-icon-wrap\">\n\n\n\t\t\t\t\t<img loading=\"lazy\" decoding=\"async\" width=\"64\" height=\"64\" src=\"https:\/\/ope.gosoftt.online\/wp-content\/uploads\/2026\/03\/ondas.png\" class=\"attachment-full size-full\" alt=\"Sistema de sonido\" \/>\t\t\t\t<\/span>\n\t\t\t<\/div>\n\t\t\n\t\t\t\t\n\t\t\t<div class=\"bdt-ep-advanced-icon-box-content\">\n\n\t\t\t\t\t\t\t\t\t\n\t\t\t\t\t<h4 class=\"bdt-ep-advanced-icon-box-title ep-title-\">\n\t\t\t\t<span >\n\t\t\t\t\tSistema de sonido\t\t\t\t<\/span>\n\t\t\t<\/h4>\n\t\t\n\n\t\t\n\t\t\t\t\t\n\t\t\t\t\n\t\t\t\t\t\t\t\t\t<div class=\"bdt-ep-advanced-icon-box-description\">\n\t\t\t\t\t\t<h3><strong><br \/><span style=\"color: #2a9eef;\">Opci\u00f3n 2 Sistema de sonido hasta 300 personas $ 2.500.00 aplican T&amp;C<\/span><\/strong><\/h3><ul><li>1 Pantalla de LED 3.0 x 2.0 mts P3 con estructura de colgado<\/li><li>1 Sistema de sonido para 100 personas<\/li><li>1 Transporte de entrega y recogida de equipos Bogot\u00e1<\/li><\/ul>\t\t\t\t\t<\/div>\n\t\t\t\t\n\t\t\t\t\t\t\t<\/div>\n\t\t<\/div>\n\n\t\t\n\t\t\n\t\t\t\t<\/div>\n\t\t\t\t<div class=\"elementor-element elementor-element-5f602cf elementor-widget__width-initial elementor-widget-mobile__width-inherit bdt-icon-type-image elementor-position-top bdt-icon-effect-none elementor-widget elementor-widget-bdt-advanced-icon-box\" data-id=\"5f602cf\" data-element_type=\"widget\" data-e-type=\"widget\" data-widget_type=\"bdt-advanced-icon-box.default\">\n\t\t\t\t\t\t\t<div class=\"bdt-ep-advanced-icon-box\">\n\n\t\t\t\t\t\t\t\n\t\t\t\t\t<div class=\"bdt-ep-advanced-icon-box-icon\">\n\t\t\t\t<span class=\"bdt-ep-advanced-icon-box-icon-wrap\">\n\n\n\t\t\t\t\t<img decoding=\"async\" width=\"64\" height=\"64\" src=\"https:\/\/ope.gosoftt.online\/wp-content\/uploads\/2026\/03\/destacar.png\" class=\"attachment-full size-full\" alt=\"Iluminaci\u00f3n\" \/>\t\t\t\t<\/span>\n\t\t\t<\/div>\n\t\t\n\t\t\t\t\n\t\t\t<div class=\"bdt-ep-advanced-icon-box-content\">\n\n\t\t\t\t\t\t\t\t\t\n\t\t\t\t\t<h4 class=\"bdt-ep-advanced-icon-box-title ep-title-\">\n\t\t\t\t<span >\n\t\t\t\t\tIluminaci\u00f3n\t\t\t\t<\/span>\n\t\t\t<\/h4>\n\t\t\n\n\t\t\n\t\t\t\t\t\n\t\t\t\t\n\t\t\t\t\t\t\t\t\t<div class=\"bdt-ep-advanced-icon-box-description\">\n\t\t\t\t\t\t<h3><strong>\n<span style=\"color: #2a9eef;\">Opci\u00f3n 2 $ 900.000 aplican T&amp;C<\/span><\/strong><\/h3>\n<ul>\n \t<li>8 Pares led RGBW+A de 18 watts marca DJ Light Supply<\/li>\n \t<li>2 Cabezas m\u00f3viles mini beam R7 \/ 1 C\u00e1mara de humo<\/li>\n \t<li>1 Control DMX<\/li>\n \t<li>1 t\u00e9cnico de iluminaci\u00f3n<\/li>\n \t<li>Cableado el\u00e9ctrico<\/li>\n \t<li>1 Transporte de entrega y recogida de equipos<\/li>\n<\/ul>\t\t\t\t\t<\/div>\n\t\t\t\t\n\t\t\t\t\t\t\t<\/div>\n\t\t<\/div>\n\n\t\t\n\t\t\n\t\t\t\t<\/div>\n\t\t\t\t<div class=\"elementor-element elementor-element-5058fe9 elementor-widget__width-initial elementor-widget-mobile__width-inherit bdt-icon-type-image elementor-position-top bdt-icon-effect-none elementor-widget elementor-widget-bdt-advanced-icon-box\" data-id=\"5058fe9\" data-element_type=\"widget\" data-e-type=\"widget\" data-widget_type=\"bdt-advanced-icon-box.default\">\n\t\t\t\t\t\t\t<div class=\"bdt-ep-advanced-icon-box\">\n\n\t\t\t\t\t\t\t\n\t\t\t\t\t<div class=\"bdt-ep-advanced-icon-box-icon\">\n\t\t\t\t<span class=\"bdt-ep-advanced-icon-box-icon-wrap\">\n\n\n\t\t\t\t\t<img loading=\"lazy\" decoding=\"async\" width=\"64\" height=\"64\" src=\"https:\/\/ope.gosoftt.online\/wp-content\/uploads\/2026\/03\/pantalla-grande.png\" class=\"attachment-full size-full\" alt=\"Pantalla Led\" \/>\t\t\t\t<\/span>\n\t\t\t<\/div>\n\t\t\n\t\t\t\t\n\t\t\t<div class=\"bdt-ep-advanced-icon-box-content\">\n\n\t\t\t\t\t\t\t\t\t\n\t\t\t\t\t<h4 class=\"bdt-ep-advanced-icon-box-title ep-title-\">\n\t\t\t\t<span >\n\t\t\t\t\tPantalla Led\t\t\t\t<\/span>\n\t\t\t<\/h4>\n\t\t\n\n\t\t\n\t\t\t\t\t\n\t\t\t\t\n\t\t\t\t\t\t\t\t\t<div class=\"bdt-ep-advanced-icon-box-description\">\n\t\t\t\t\t\t<h3><strong><br \/><span style=\"color: #2a9eef;\">Opci\u00f3n 2 $3.600.000 aplican T&amp;C<\/span><\/strong><\/h3><p>Pantalla led pitch 3 de 3&#215;2 en estructura de colgado o piso, procesador de v\u00eddeo 4k marca RGBLINK Computador marca Lenovo, para el env\u00edo de contenidos, t\u00e9cnico de video, cableado de se\u00f1al y corriente, transporte de equipos.<\/p>\t\t\t\t\t<\/div>\n\t\t\t\t\n\t\t\t\t\t\t\t<\/div>\n\t\t<\/div>\n\n\t\t\n\t\t\n\t\t\t\t<\/div>\n\t\t\t\t<div class=\"elementor-element elementor-element-91205b3 elementor-widget__width-initial elementor-widget-mobile__width-inherit bdt-icon-type-image elementor-position-top bdt-icon-effect-none elementor-widget elementor-widget-bdt-advanced-icon-box\" data-id=\"91205b3\" data-element_type=\"widget\" data-e-type=\"widget\" data-widget_type=\"bdt-advanced-icon-box.default\">\n\t\t\t\t\t\t\t<div class=\"bdt-ep-advanced-icon-box\">\n\n\t\t\t\t\t\t\t\n\t\t\t\t\t<div class=\"bdt-ep-advanced-icon-box-icon\">\n\t\t\t\t<span class=\"bdt-ep-advanced-icon-box-icon-wrap\">\n\n\n\t\t\t\t\t<img loading=\"lazy\" decoding=\"async\" width=\"64\" height=\"64\" src=\"https:\/\/ope.gosoftt.online\/wp-content\/uploads\/2026\/03\/vivo.png\" class=\"attachment-full size-full\" alt=\"Transmisi\u00f3n\" \/>\t\t\t\t<\/span>\n\t\t\t<\/div>\n\t\t\n\t\t\t\t\n\t\t\t<div class=\"bdt-ep-advanced-icon-box-content\">\n\n\t\t\t\t\t\t\t\t\t\n\t\t\t\t\t<h4 class=\"bdt-ep-advanced-icon-box-title ep-title-\">\n\t\t\t\t<span >\n\t\t\t\t\tTransmisi\u00f3n\t\t\t\t<\/span>\n\t\t\t<\/h4>\n\t\t\n\n\t\t\n\t\t\t\t\t\n\t\t\t\t\n\t\t\t\t\t\t\t\t\t<div class=\"bdt-ep-advanced-icon-box-description\">\n\t\t\t\t\t\t<h3><strong>\n<span style=\"color: #2a9eef;\">Opci\u00f3n 2- $ 1.800.000  aplican T&amp;C<\/span><\/strong><\/h3>\n2 C\u00e1maras marca Sony ref. NX5, tr\u00edpode marca Manfrotto y camar\u00f3grafos, Software,\nequipos de transmisi\u00f3n para emitir por Teams, Facebook o Youtube, personal de montaje\ny transporte de equipos .\t\t\t\t\t<\/div>\n\t\t\t\t\n\t\t\t\t\t\t\t<\/div>\n\t\t<\/div>\n\n\t\t\n\t\t\n\t\t\t\t<\/div>\n\t\t\t\t<\/div>\n\t\t\t\t\t<\/div>\n\t\t\t\t<\/div>\n\t\t<div class=\"elementor-element elementor-element-cdf9576 e-flex e-con-boxed e-con e-parent\" data-id=\"cdf9576\" data-element_type=\"container\" data-e-type=\"container\">\n\t\t\t\t\t<div class=\"e-con-inner\">\n\t\t\t\t<div class=\"elementor-element elementor-element-b7c8246 elementor-widget__width-initial elementor-widget-mobile__width-inherit bdt-icon-type-image elementor-position-top bdt-icon-effect-none elementor-widget elementor-widget-bdt-advanced-icon-box\" data-id=\"b7c8246\" data-element_type=\"widget\" data-e-type=\"widget\" data-widget_type=\"bdt-advanced-icon-box.default\">\n\t\t\t\t\t\t\t<div class=\"bdt-ep-advanced-icon-box\">\n\n\t\t\t\t\t\t\t\n\t\t\t\t\t<div class=\"bdt-ep-advanced-icon-box-icon\">\n\t\t\t\t<span class=\"bdt-ep-advanced-icon-box-icon-wrap\">\n\n\n\t\t\t\t\t<img loading=\"lazy\" decoding=\"async\" width=\"64\" height=\"64\" src=\"https:\/\/ope.gosoftt.online\/wp-content\/uploads\/2026\/03\/videop.png\" class=\"attachment-full size-full\" alt=\"Video beam y Sonido \" \/>\t\t\t\t<\/span>\n\t\t\t<\/div>\n\t\t\n\t\t\t\t\n\t\t\t<div class=\"bdt-ep-advanced-icon-box-content\">\n\n\t\t\t\t\t\t\t\t\t\n\t\t\t\t\t<h4 class=\"bdt-ep-advanced-icon-box-title ep-title-\">\n\t\t\t\t<span >\n\t\t\t\t\tVideo beam y Sonido \t\t\t\t<\/span>\n\t\t\t<\/h4>\n\t\t\n\n\t\t\n\t\t\t\t\t\n\t\t\t\t\n\t\t\t\t\t\t\t\t\t<div class=\"bdt-ep-advanced-icon-box-description\">\n\t\t\t\t\t\t<h3><strong>\n<span style=\"color: #2a9eef;\">Video beam y sonido $ 650.000 aplican T&amp;C<\/span><\/strong><\/h3>\n1 Tel\u00f3n de proyecci\u00f3n de 2.0 x 1.80 mts, 1 V\u00eddeo beam de 4.000 lumnes, con cable HDMI\nCableado de se\u00f1al y corriente.\n1 Cabina Full Rango de 450 watts marca MACKIE ref. SRM-450, 2 Micr\u00f3fonos inal\u00e1mbricos\nde mano UHF marca SHURE ref. SM58, 1 Consola marca Beringher de 8 canales. Ref CX 16\n1 Base para micr\u00f3fono marca Proel\nT\u00e9cnicos de montaje y transporte de equipos .\t\t\t\t\t<\/div>\n\t\t\t\t\n\t\t\t\t\t\t\t<\/div>\n\t\t<\/div>\n\n\t\t\n\t\t\n\t\t\t\t<\/div>\n\t\t\t\t\t<\/div>\n\t\t\t\t<\/div>\n\t\t\t\t<\/div>\n\t\t","protected":false},"excerpt":{"rendered":"<p>Pantalla Led y sonido Opci\u00f3n 1 $4.200.000 Aplica T&amp;C 1 Pantalla de LED 3.0 x 2.0 mts P3 con estructura de colgado [&hellip;]<\/p>\n","protected":false},"author":1,"featured_media":327,"parent":0,"menu_order":0,"comment_status":"closed","ping_status":"closed","template":"","meta":{"footnotes":""},"class_list":["post-1156","page","type-page","status-publish","has-post-thumbnail","hentry"],"_links":{"self":[{"href":"https:\/\/ope.gosoftt.online\/index.php?rest_route=\/wp\/v2\/pages\/1156","targetHints":{"allow":["GET"]}}],"collection":[{"href":"https:\/\/ope.gosoftt.online\/index.php?rest_route=\/wp\/v2\/pages"}],"about":[{"href":"https:\/\/ope.gosoftt.online\/index.php?rest_route=\/wp\/v2\/types\/page"}],"author":[{"embeddable":true,"href":"https:\/\/ope.gosoftt.online\/index.php?rest_route=\/wp\/v2\/users\/1"}],"replies":[{"embeddable":true,"href":"https:\/\/ope.gosoftt.online\/index.php?rest_route=%2Fwp%2Fv2%2Fcomments&post=1156"}],"version-history":[{"count":55,"href":"https:\/\/ope.gosoftt.online\/index.php?rest_route=\/wp\/v2\/pages\/1156\/revisions"}],"predecessor-version":[{"id":1223,"href":"https:\/\/ope.gosoftt.online\/index.php?rest_route=\/wp\/v2\/pages\/1156\/revisions\/1223"}],"wp:featuredmedia":[{"embeddable":true,"href":"https:\/\/ope.gosoftt.online\/index.php?rest_route=\/wp\/v2\/media\/327"}],"wp:attachment":[{"href":"https:\/\/ope.gosoftt.online\/index.php?rest_route=%2Fwp%2Fv2%2Fmedia&parent=1156"}],"curies":[{"name":"wp","href":"https:\/\/api.w.org\/{rel}","templated":true}]}}